{"id":11,"date":"2015-11-25T17:51:18","date_gmt":"2015-11-25T16:51:18","guid":{"rendered":"http:\/\/events.web2.wildweb.no\/?page_id=9712"},"modified":"2020-05-26T08:25:54","modified_gmt":"2020-05-26T06:25:54","slug":"om-anza-academy","status":"publish","type":"page","link":"https:\/\/anzaacademy.dk\/om-anza-academy\/","title":{"rendered":"Anza Academy"},"content":{"rendered":"<div><img loading=\"lazy\" decoding=\"async\" class=\"size-full wp-image-8214 alignright\" src=\"https:\/\/anzaacademy.jordankurs.no\/app\/uploads\/sites\/11\/2019\/10\/pallett.png\" alt=\"F\u00e4rgpalett\" width=\"381\" height=\"743\" srcset=\"https:\/\/pro.anzaacademy.se\/app\/uploads\/sites\/11\/2019\/10\/pallett.png 381w, https:\/\/pro.anzaacademy.se\/app\/uploads\/sites\/11\/2019\/10\/pallett-154x300.png 154w\" sizes=\"auto, (max-width: 381px) 100vw, 381px\" \/><\/div>\n<div class=\"about-block alignleft\">\n<h2>Kom p\u00e5 rette kurs(us) \ud83d\ude09<\/h2>\n<p>Hvordan bliver man rigtigt god til at s\u00e6lge pensler og andet malerv\u00e6rkt\u00f8j? Vores kursustilbud giver dig den rette viden, s\u00e5 du kan vejlede kunden om anvendelses omr\u00e5der, kvalitets forskelle og om maleprojektet og ergonomi i almindelighed.<\/p>\n<p>Du f\u00e5r v\u00e6rdifuld indsigt som g\u00f8r det lettere at svare p\u00e5 kundernes sp\u00f8rgsm\u00e5l uanset hvor meget du selv har malet tidligere.\u00a0<\/p>\n<\/div>\n<div><img loading=\"lazy\" decoding=\"async\" class=\"alignleft wp-image-8217 size-full\" src=\"https:\/\/anzaacademy.jordankurs.no\/app\/uploads\/sites\/11\/2019\/10\/roller.png\" alt=\"\" width=\"720\" height=\"651\" srcset=\"https:\/\/pro.anzaacademy.se\/app\/uploads\/sites\/11\/2019\/10\/roller.png 720w, https:\/\/pro.anzaacademy.se\/app\/uploads\/sites\/11\/2019\/10\/roller-300x271.png 300w\" sizes=\"auto, (max-width: 720px) 100vw, 720px\" \/><\/div>\n<div class=\"about-block alignright\">\n<h3>Webbaseret tr\u00e6ning<\/h3>\n<h4>For hvem?<\/h4>\n<p>Denne webtr\u00e6ning er for butikspersonale som vil have grundl\u00e6ggende produkt- og projektviden.<br \/>\nDu f\u00e5r ogs\u00e5 en r\u00e6kke salgstips! Perfekt for nyansatte, sommervikarer og alle andre<br \/>\nsom vil genopfriske hukommelsen. Kun teori. Ingen erfaring kr\u00e6ves.<\/p>\n<h4>www.anzaacademy.dk<\/h4>\n<p>Kurset tages online p\u00e5 vores uddannelsesplatform <a href=\"http:\/\/www.anzaacademy.dk\">www.anzaacademy.dk<\/a>.\u00a0<br \/>\nTag kurset gratis p\u00e5 pc eller mobil, pr\u00e6cis n\u00e5r det passer dig..<\/p>\n<p><form method=\"POST\" action=\"https:\/\/anzaacademy.dk\/aktiviteter\/mobilkurs-2019\/\"><input type=\"hidden\" name=\"ee\" value=\"process_ticket_selections\"><input type=\"hidden\" name=\"noheader\" value=\"true\"\/><input type=\"hidden\" name=\"tkt-slctr-return-url-3995\" value=\"https:\/\/anzaacademy.dk\/wp\/wp-json\/wp\/v2\/pages\/11#tkt-slctr-tbl-3995\"\/><input type=\"hidden\" name=\"tkt-slctr-rows-3995\" value=\"1\"\/><input type=\"hidden\" name=\"tkt-slctr-max-atndz-3995\" value=\"1\"\/><input type=\"hidden\" name=\"tkt-slctr-event-id\" value=\"3995\"\/><input type=\"hidden\" name=\"tkt-slctr-qty-3995[]\" value=\"1\"\/>\n<input type=\"hidden\" name=\"tkt-slctr-ticket-id-3995[]\" value=\"54\"\/>\n<div id=\"no-tkt-slctr-ticket-dv-3995\" class=\"no-tkt-slctr-ticket-dv\">\n    <div class=\"no-tkt-slctr-ticket-content-dv\">\n        <h5>Mobilkurs 2020<\/h5>\n                <p><\/p>            <\/div><!-- .no-tkt-slctr-ticket-content-dv -->\n<div class=\"tkt-slctr-request-processor-dv\" style=\"float:left; margin:0 0 0 -999em; height: 0;\"><label for=\"tkt-slctr-request-processor-email-1776777613.1917\">please do not enter anything in this input<\/label><input type=\"email\" id=\"tkt-slctr-request-processor-email-1776777613.1917\" name=\"tkt-slctr-request-processor-email\" value=\"\"\/><input type=\"hidden\" name=\"tkt-slctr-request-processor-token\" value=\"TFYvaHd1ekd3c00xdjF0bCtwejd1QT09Oml2Oks0RUUrmz+6jRFUE0XztN4=\"\/><\/div><!-- .tkt-slctr-request-processor-dv -->\n<div id=\"ticket-selector-submit-3995-btn-wrap\" class=\"ticket-selector-submit-btn-wrap\"><input id=\"ticket-selector-submit-3995-btn\" class=\"ticket-selector-submit-btn ticket-selector-submit-ajax\" type=\"submit\" value=\"Tilmeld dig nu\" \/>\n<\/div><!-- .ticket-selector-submit-btn-wrap --><div class=\"clear\"><\/div><!-- clearTicketSelector --><\/div><!-- ticketSelectorEndDiv --><br\/><\/form><\/p><\/div>\n<div class=\"about-block alignleft clearboth\">\u00a0<\/div>\n<div class=\"about-block alignright\" style=\"margin-right: 20%\">\n<p>&nbsp;<\/p>\n<\/div>\n<div class=\"clearboth\"><img loading=\"lazy\" decoding=\"async\" class=\"alignright size-full wp-image-8253\" src=\"https:\/\/anzaacademy.jordankurs.no\/app\/uploads\/sites\/11\/2019\/10\/multiverktyg.png\" alt=\"\" width=\"943\" height=\"268\" srcset=\"https:\/\/pro.anzaacademy.se\/app\/uploads\/sites\/11\/2019\/10\/multiverktyg.png 943w, https:\/\/pro.anzaacademy.se\/app\/uploads\/sites\/11\/2019\/10\/multiverktyg-300x85.png 300w, https:\/\/pro.anzaacademy.se\/app\/uploads\/sites\/11\/2019\/10\/multiverktyg-768x218.png 768w\" sizes=\"auto, (max-width: 943px) 100vw, 943px\" \/><\/div>\n<div class=\"about-block alignleft\">\n<p>&nbsp;<\/p>\n<\/div>\n","protected":false},"excerpt":{"rendered":"<p>Kom p\u00e5 rette kurs(us) \ud83d\ude09 Hvordan bliver man rigtigt god til at s\u00e6lge pensler og andet malerv\u00e6rkt\u00f8j? Vores kursustilbud giver dig den rette viden, s\u00e5 du kan vejlede kunden om anvendelses omr\u00e5der, kvalitets forskelle og om maleprojektet og ergonomi i almindelighed. Du f\u00e5r v\u00e6rdifuld indsigt som g\u00f8r det lettere at svare p\u00e5 kundernes sp\u00f8rgsm\u00e5l uanset [&hellip;]<\/p>\n","protected":false},"author":1,"featured_media":0,"parent":0,"menu_order":0,"comment_status":"closed","ping_status":"closed","template":"","meta":{"_acf_changed":false,"footnotes":""},"class_list":["post-11","page","type-page","status-publish","hentry"],"acf":[],"_links":{"self":[{"href":"https:\/\/anzaacademy.dk\/wp\/wp-json\/wp\/v2\/pages\/11","targetHints":{"allow":["GET"]}}],"collection":[{"href":"https:\/\/anzaacademy.dk\/wp\/wp-json\/wp\/v2\/pages"}],"about":[{"href":"https:\/\/anzaacademy.dk\/wp\/wp-json\/wp\/v2\/types\/page"}],"author":[{"embeddable":true,"href":"https:\/\/anzaacademy.dk\/wp\/wp-json\/wp\/v2\/users\/1"}],"replies":[{"embeddable":true,"href":"https:\/\/anzaacademy.dk\/wp\/wp-json\/wp\/v2\/comments?post=11"}],"version-history":[{"count":19,"href":"https:\/\/anzaacademy.dk\/wp\/wp-json\/wp\/v2\/pages\/11\/revisions"}],"predecessor-version":[{"id":8684,"href":"https:\/\/anzaacademy.dk\/wp\/wp-json\/wp\/v2\/pages\/11\/revisions\/8684"}],"wp:attachment":[{"href":"https:\/\/anzaacademy.dk\/wp\/wp-json\/wp\/v2\/media?parent=11"}],"curies":[{"name":"wp","href":"https:\/\/api.w.org\/{rel}","templated":true}]}}